{"id":21,"date":"2023-09-29T13:48:57","date_gmt":"2023-09-29T13:48:57","guid":{"rendered":"https:\/\/plasticity.bilkent.edu.tr\/?page_id=21"},"modified":"2026-01-20T11:58:47","modified_gmt":"2026-01-20T11:58:47","slug":"project-details","status":"publish","type":"page","link":"https:\/\/plasticity.bilkent.edu.tr\/?page_id=21","title":{"rendered":"Publications"},"content":{"rendered":"<h2 style=\"font-size:52px;\" class=\"wp-block-post-title\">Publications<\/h2>\n\n\n<div class=\"wp-block-cover alignfull\" style=\"min-height:600px\"><span aria-hidden=\"true\" class=\"wp-block-cover__background has-nv-light-bg-background-color has-background-dim-100 has-background-dim\"><\/span><div class=\"wp-block-cover__inner-container is-layout-flow wp-block-cover-is-layout-flow\">\n<p><\/p>\n\n\n\n<p class=\"has-neve-text-color-color has-text-color\">Saglam, N., Merabet, L. B., &amp; Pamir, Z. (2026). Uncovering atypical gaze patterns in cerebral visual impairment: New insights from an exploratory<br>gaze-based analysis. Journal of Vision, 26(1):5. https:\/\/doi.org\/10.1167\/jov.26.1.5<\/p>\n\n\n\n<p class=\"has-nv-dark-bg-color has-text-color\">Pamir, Z., &amp; Boyaci, H. (2025). Visual appearance and sensitivity are mediated by distinct mechanisms. Neuropsychologia, 109277. https:\/\/doi.org\/10.1016\/j.neuropsychologia.2025.109277 <\/p>\n\n\n\n<p class=\"has-nv-dark-bg-color has-text-color\">Merabet, L. B., Manley, C. E., &amp; Pamir, Z. (2025). Higher-Order Visuospatial Processing Abilities in Cerebral Visual Impairment: Behavioral Assessment and Neurophysiological Mechanisms. Annual Review of Vision Science, 11. https:\/\/doi.org\/10.1146\/annurev-vision-121423-013141<\/p>\n\n\n\n<p class=\"has-nv-dark-bg-color has-text-color\">\u00c7imen, F. H., &amp; Pamir, Z. (2025). Neurodevelopmental challenges following preterm birth: effects on brain structure and function with a focus on visual perception. Anatomy, 19(1), 41-51.<\/p>\n\n\n\n<p class=\"has-nv-dark-bg-color has-text-color\">Nadvar, N., Bauer, C., Pamir, Z., Merabet, L. B., Koppelmans, V., &amp; Weiland, J. (2025). Replicability of a resting-state functional connectivity study in profound early blindness. Frontiers in Systems Neuroscience, 19, 1547276.<\/p>\n\n\n\n<p class=\"has-nv-dark-bg-color has-text-color\">Y\u00fcce, B., Karahan, T. ve Pamir, Z. (2024). Yeti\u015fkin beyninde n\u00f6roplastisite: Duyu kayb\u0131 sonras\u0131 beyinde ve davran\u0131\u015fta ne, neden de\u011fi\u015fir?. Nesne, 12(34), 564-578. DOI: 10.7816\/nesne-12-34-05<\/p>\n\n\n\n<p class=\"has-nv-dark-bg-color has-text-color\">Pamir, Z., Manley, C. E., Bauer, C. M., Bex, P. J., Dilks, D. D., &amp; Merabet, L. B. (2024). Visuospatial processing in early brain-based visual impairment is associated with differential recruitment of dorsal and ventral visual streams. Cerebral Cortex. 34(5), bhae203. doi: 10.1093\/cercor\/bhae203. <\/p>\n\n\n\n<p class=\"has-nv-dark-bg-color has-text-color\">Merabet, L. B., Manley, C. E., Pamir, Z., Bauer, C. M., Skerswetat, J., &amp; Bex, P. J. (2023). Motion and form coherence processing in individuals with cerebral visual impairment. Developmental Medicine &amp; Child Neurology.<\/p>\n\n\n\n<p class=\"has-nv-dark-bg-color has-text-color\">Pamir, Z., Bauer, C. M., Bailin, E. S., Bex, P. J., Somers, D. C., &amp; Merabet, L. B. (2021). Neural correlates associated with impaired global motion perception in cerebral visual impairment (CVI). NeuroImage: Clinical, 32, 102821.<\/p>\n\n\n\n<p class=\"has-nv-dark-bg-color has-text-color\">Pamir, Z., Bauer, C. M., Bennett, C. R., Kran, B. S., &amp; Merabet, L. B. (2021). Visual perception supported by verbal mediation in an individual with cerebral visual impairment (CVI). Neuropsychologia, 160, 107982.,<\/p>\n\n\n\n<p class=\"has-nv-dark-bg-color has-text-color\">Pamir, Z., Jung, J. H., &amp; Peli, E. (2020). Preparing participants for the use of the tongue visual sensory substitution device. Disability and Rehabilitation: Assistive Technology. doi: 10.1080\/17483107.2020.1821102.<\/p>\n\n\n\n<p class=\"has-nv-dark-bg-color has-text-color\">Er, G., Pamir, Z., &amp; Boyaci, H. (2020). Distinct patterns of surround modulation in V1 and hMT+. NeuroImage, 220, 11708.&nbsp;<\/p>\n\n\n\n<p class=\"has-nv-dark-bg-color has-text-color\">Pamir, Z., Canoluk, M. U., Jung, J. H., &amp; Peli, E. (2020). Poor resolution at the back of the tongue is the bottleneck for spatial pattern recognition. Scientific Reports, 10(1), 1-13.<\/p>\n\n\n\n<p class=\"has-nv-dark-bg-color has-text-color\">T\u00fcrk\u00f6zer, H.B., Haso\u011flu, T., Chen, Y., Norris, L.A., Brown, M., Delaney-Busch, N., Kale, E.H., Pamir, Z., Boyac\u0131, H., Kuperberg, G., Lewandowski, K.E., Top\u00e7uo\u011flu, V., &amp; \u00d6ng\u00fcr, D. (2019). Integrated assessment of visual perception abnormalities in psychotic disorders and relationship with clinical characteristics. Psychological Medicine, 49(10), 1740-1748.<\/p>\n\n\n\n<p class=\"has-nv-dark-bg-color has-text-color\">Pamir, Z., &amp; Boyaci, H. (2016). Context-dependent lightness affects perceived contrast. Vision Research, 124, 24-33.<\/p>\n\n\n\n<p class=\"has-nv-dark-bg-color has-text-color\">Turkozer, H.B., Pamir, Z., &amp; Boyaci, H. (2016). Contrast affects fMRI activity in middle temporal cortex related to center-surround interaction in motion perception. Frontiers in Psychology, 7, 454. doi: 10.3389\/fpsyg.2016.00454.<\/p>\n\n\n\n<p class=\"has-neve-text-color-color has-text-color has-medium-font-size\"><\/p>\n<\/div><\/div>\n","protected":false},"excerpt":{"rendered":"","protected":false},"author":1,"featured_media":0,"parent":0,"menu_order":0,"comment_status":"closed","ping_status":"closed","template":"","meta":{"neve_meta_sidebar":"","neve_meta_container":"","neve_meta_enable_content_width":"on","neve_meta_content_width":100,"neve_meta_title_alignment":"","neve_meta_author_avatar":"","neve_post_elements_order":"","neve_meta_disable_header":"","neve_meta_disable_footer":"","neve_meta_disable_title":"on","footnotes":""},"_links":{"self":[{"href":"https:\/\/plasticity.bilkent.edu.tr\/index.php?rest_route=\/wp\/v2\/pages\/21"}],"collection":[{"href":"https:\/\/plasticity.bilkent.edu.tr\/index.php?rest_route=\/wp\/v2\/pages"}],"about":[{"href":"https:\/\/plasticity.bilkent.edu.tr\/index.php?rest_route=\/wp\/v2\/types\/page"}],"author":[{"embeddable":true,"href":"https:\/\/plasticity.bilkent.edu.tr\/index.php?rest_route=\/wp\/v2\/users\/1"}],"replies":[{"embeddable":true,"href":"https:\/\/plasticity.bilkent.edu.tr\/index.php?rest_route=%2Fwp%2Fv2%2Fcomments&post=21"}],"version-history":[{"count":21,"href":"https:\/\/plasticity.bilkent.edu.tr\/index.php?rest_route=\/wp\/v2\/pages\/21\/revisions"}],"predecessor-version":[{"id":518,"href":"https:\/\/plasticity.bilkent.edu.tr\/index.php?rest_route=\/wp\/v2\/pages\/21\/revisions\/518"}],"wp:attachment":[{"href":"https:\/\/plasticity.bilkent.edu.tr\/index.php?rest_route=%2Fwp%2Fv2%2Fmedia&parent=21"}],"curies":[{"name":"wp","href":"https:\/\/api.w.org\/{rel}","templated":true}]}}