{"id":17,"date":"2023-09-29T13:48:57","date_gmt":"2023-09-29T13:48:57","guid":{"rendered":"https:\/\/plasticity.bilkent.edu.tr\/?page_id=17"},"modified":"2026-01-22T09:10:49","modified_gmt":"2026-01-22T09:10:49","slug":"home","status":"publish","type":"page","link":"https:\/\/plasticity.bilkent.edu.tr\/","title":{"rendered":"Home"},"content":{"rendered":"\n<p class=\"has-background\" style=\"background-color:#c0c0c0;font-size:2px\"><\/p>\n\n\n\n<div class=\"wp-block-columns is-layout-flex wp-container-2 wp-block-columns-is-layout-flex\">\n<div class=\"wp-block-column has-nv-site-bg-background-color has-background is-layout-flow wp-block-column-is-layout-flow\" style=\"flex-basis:100%\">\n<p class=\"has-text-align-left\">Welcome to the PaMiR (Psychophysics and MR) Lab for Functional Neuroplasticity, led by Zahide Pamir. We are affiliated with the <a href=\"http:\/\/www.psy.bilkent.edu.tr\/\">Department of Psychology<\/a> and the <a href=\"https:\/\/web4.bilkent.edu.tr\/neuroscience\/\" data-type=\"link\" data-id=\"https:\/\/web4.bilkent.edu.tr\/neuroscience\/\">Interdisciplinary Neuroscience Graduate Program<\/a> at Bilkent University. Our physical location is at the <a href=\"https:\/\/beyin.bilkent.edu.tr\/\">Aysel Sabuncu Brain Research Center<\/a> and the <a href=\"https:\/\/umram.bilkent.edu.tr\/\">National Magnetic Resonance Research Center (UMRAM)<\/a>.<\/p>\n\n\n\n<p class=\"has-text-align-left\">Our lab\u2019s research is primarily focused on elucidating the underlying mechanisms of neuroplastic changes in the visual brain, both in typical and abnormal development resulting from alterations in sensory input (such as sensory deprivation) or brain injuries.<\/p>\n\n\n\n<p class=\"has-text-align-left\">We employ a combination of behavioral (i.e., psychophysics) and functional neuroimaging techniques (i.e., fMRI) to gain a deeper insight into the perceptual and neural correlates of neuroplastic changes in the brain.<\/p>\n<\/div>\n<\/div>\n\n\n\n<p class=\"has-background\" style=\"background-color:#c0c0c0;font-size:2px\"><\/p>\n\n\n\n<h2 class=\"wp-block-heading\">News<\/h2>\n\n\n\n<h4 class=\"wp-block-heading\">January 2026: <strong>New Paper Published in <em>Journal<\/em> <em>of Vision<\/em><\/strong><\/h4>\n\n\n\n<blockquote class=\"wp-block-quote\">\n<p>We are excited to share a new publication from our lab, now published in <em>Journal of Vision<\/em>:<\/p>\n\n\n\n<p>Saglam, N., Merabet, L. B., &amp; Pamir, Z. (2026). <em>Uncovering atypical gaze patterns in cerebral visual impairment: New insights from an exploratory gaze-based analysis.<\/em> Journal of Vision, 26(1):5. https:\/\/doi.org\/10.1167\/jov.26.1.5<\/p>\n\n\n\n<p>In this study, we use an exploratory gaze-based analysis to examine how individuals with <em>cerebral visual impairment (CVI)<\/em> visually explore scenes. By characterizing gaze behavior beyond conventional performance-based measures, our work provides new insights into atypical visual attention strategies in CVI and highlights the potential of eye-tracking as a tool for more sensitive profiling of visual function.<\/p>\n\n\n\n<p><strong>Read the full article here:<\/strong> <a href=\"https:\/\/doi.org\/10.1167\/jov.26.1.5\">https:\/\/doi.org\/10.1167\/jov.26.1.5<\/a><\/p>\n\n\n\n<p><\/p>\n<\/blockquote>\n\n\n\n<h4 class=\"wp-block-heading\">Former Undergraduate Assistants Begin Master\u2019s Studies at T\u00fcbingen University<\/h4>\n\n\n\n<figure class=\"wp-block-gallery has-nested-images columns-default is-cropped wp-block-gallery-3 is-layout-flex wp-block-gallery-is-layout-flex\">\n<figure class=\"wp-block-image size-full is-resized\"><img decoding=\"async\" loading=\"lazy\" data-id=\"500\" src=\"https:\/\/plasticity.bilkent.edu.tr\/wp-content\/uploads\/2025\/10\/WhatsApp-Image-2023-10-03-at-15.16.41-927x1024-1.jpeg\" alt=\"\" class=\"wp-image-500\" style=\"object-fit:contain;width:200px;height:200px\" width=\"200\" height=\"200\"\/><\/figure>\n\n\n\n<figure class=\"wp-block-image size-full is-resized is-style-default\"><img decoding=\"async\" loading=\"lazy\" data-id=\"499\" src=\"https:\/\/plasticity.bilkent.edu.tr\/wp-content\/uploads\/2025\/10\/WhatsApp-Image-2023-10-05-at-10.37.53-edited-1.jpeg\" alt=\"\" class=\"wp-image-499\" style=\"object-fit:cover;width:200px;height:200px\" width=\"200\" height=\"200\" srcset=\"https:\/\/plasticity.bilkent.edu.tr\/wp-content\/uploads\/2025\/10\/WhatsApp-Image-2023-10-05-at-10.37.53-edited-1-150x150.jpeg 150w, https:\/\/plasticity.bilkent.edu.tr\/wp-content\/uploads\/2025\/10\/WhatsApp-Image-2023-10-05-at-10.37.53-edited-1-621x620.jpeg 621w\" sizes=\"(max-width: 200px) 100vw, 200px\" \/><\/figure>\n\n\n\n<figure class=\"wp-block-image size-full is-resized\"><img decoding=\"async\" loading=\"lazy\" data-id=\"498\" src=\"https:\/\/plasticity.bilkent.edu.tr\/wp-content\/uploads\/2025\/10\/1692708119339.jpeg\" alt=\"\" class=\"wp-image-498\" style=\"object-fit:cover;width:200px;height:200px\" width=\"200\" height=\"200\" srcset=\"https:\/\/plasticity.bilkent.edu.tr\/wp-content\/uploads\/2025\/10\/1692708119339.jpeg 800w, https:\/\/plasticity.bilkent.edu.tr\/wp-content\/uploads\/2025\/10\/1692708119339-300x300.jpeg 300w, https:\/\/plasticity.bilkent.edu.tr\/wp-content\/uploads\/2025\/10\/1692708119339-150x150.jpeg 150w, https:\/\/plasticity.bilkent.edu.tr\/wp-content\/uploads\/2025\/10\/1692708119339-768x768.jpeg 768w\" sizes=\"(max-width: 200px) 100vw, 200px\" \/><\/figure>\n<\/figure>\n\n\n\n<blockquote class=\"wp-block-quote\">\n<p>Our former undergraduate assistants Bahar Canbolat, Deniz Kurt, and Nilsu Sa\u011flam have started their Master\u2019s studies at the University of T\u00fcbingen, Germany. Each of them contributed greatly to our lab during their time as student assistants, and we are excited to see them continue their academic journey. We wish them every success in this new chapter!<\/p>\n\n\n\n<figure class=\"wp-block-gallery has-nested-images columns-default is-cropped wp-block-gallery-5 is-layout-flex wp-block-gallery-is-layout-flex\"><\/figure>\n<\/blockquote>\n\n\n\n<p><\/p>\n\n\n\n<h4 class=\"wp-block-heading\"><strong>September, 2025:<\/strong> <strong>FNL at <\/strong>Experimental-Cognitive Psychology Symposium<\/h4>\n\n\n\n<blockquote class=\"wp-block-quote\">\n<p>At the IX. Experimental-Cognitive Psychology Symposium (Deneysel-Bili\u015fsel Psikoloji Sempozyumu) held at Ko\u00e7 University, Zahide Pamir delivered an oral presentation on the lab\u2019s recent work investigating plasticity and reorganization in the visual system, titled <em>&#8220;Topografik Yeniden Yap\u0131lanman\u0131n Davran\u0131\u015fsal Sonu\u00e7lar\u0131: K\u0131sa S\u00fcreli G\u00f6rsel Yoksunluk Sonras\u0131nda Alg\u0131sal \u00d6\u011frenmenin Kom\u015fu G\u00f6rme Alanlara Transferi&#8221;<\/em>.<\/p>\n\n\n\n<figure class=\"wp-block-image size-large is-resized\"><img decoding=\"async\" loading=\"lazy\" src=\"https:\/\/plasticity.bilkent.edu.tr\/wp-content\/uploads\/2025\/10\/WhatsApp-Image-2025-10-01-at-14.58.30-1-1024x768.jpeg\" alt=\"\" class=\"wp-image-494\" style=\"width:577px;height:433px\" width=\"577\" height=\"433\" srcset=\"https:\/\/plasticity.bilkent.edu.tr\/wp-content\/uploads\/2025\/10\/WhatsApp-Image-2025-10-01-at-14.58.30-1-1024x768.jpeg 1024w, https:\/\/plasticity.bilkent.edu.tr\/wp-content\/uploads\/2025\/10\/WhatsApp-Image-2025-10-01-at-14.58.30-1-300x225.jpeg 300w, https:\/\/plasticity.bilkent.edu.tr\/wp-content\/uploads\/2025\/10\/WhatsApp-Image-2025-10-01-at-14.58.30-1-768x576.jpeg 768w, https:\/\/plasticity.bilkent.edu.tr\/wp-content\/uploads\/2025\/10\/WhatsApp-Image-2025-10-01-at-14.58.30-1-1536x1152.jpeg 1536w, https:\/\/plasticity.bilkent.edu.tr\/wp-content\/uploads\/2025\/10\/WhatsApp-Image-2025-10-01-at-14.58.30-1.jpeg 1600w\" sizes=\"(max-width: 577px) 100vw, 577px\" \/><\/figure>\n\n\n\n<p><\/p>\n\n\n\n<p>Bahar Canbolat presented a poster titled <em>\u201cAIM ve FiND&#8217;\u0131n G\u00fcvenilirli\u011finin De\u011ferlendirilmesi: G\u00f6rsel Fonksiyonlar\u0131n De\u011ferlendirilmesi i\u00e7in Psikofiziksel Ara\u00e7lar.\u201d<\/em> Her project examined the reliability of AIM and FiND as tools for assessing visual functions.<\/p>\n\n\n\n<figure class=\"wp-block-image size-large is-resized\"><img decoding=\"async\" loading=\"lazy\" src=\"https:\/\/plasticity.bilkent.edu.tr\/wp-content\/uploads\/2025\/10\/WhatsApp-Image-2025-10-03-at-11.40.56-1-876x1024.jpeg\" alt=\"\" class=\"wp-image-495\" style=\"width:498px;height:582px\" width=\"498\" height=\"582\" srcset=\"https:\/\/plasticity.bilkent.edu.tr\/wp-content\/uploads\/2025\/10\/WhatsApp-Image-2025-10-03-at-11.40.56-1-876x1024.jpeg 876w, https:\/\/plasticity.bilkent.edu.tr\/wp-content\/uploads\/2025\/10\/WhatsApp-Image-2025-10-03-at-11.40.56-1-257x300.jpeg 257w, https:\/\/plasticity.bilkent.edu.tr\/wp-content\/uploads\/2025\/10\/WhatsApp-Image-2025-10-03-at-11.40.56-1-768x898.jpeg 768w, https:\/\/plasticity.bilkent.edu.tr\/wp-content\/uploads\/2025\/10\/WhatsApp-Image-2025-10-03-at-11.40.56-1.jpeg 1076w\" sizes=\"(max-width: 498px) 100vw, 498px\" \/><\/figure>\n<\/blockquote>\n\n\n\n<h4 class=\"wp-block-heading\"><strong>September, 2025:<\/strong> <strong>FNL at National Neuroimaging Congress<\/strong><\/h4>\n\n\n\n<blockquote class=\"wp-block-quote\">\n<p>At the 2nd National Neuroimaging Congress (Ulusal N\u00f6rog\u00f6r\u00fcnt\u00fcleme Kongresi), organized by Ba\u015fkent University in Ankara, Tutku Karahan, together with Berk Y\u00fcce, presented a poster titled <em>\u201cTopographic reorganization in the primary visual cortex following short-term deprivation and perceptual learning.\u201d<\/em><\/p>\n\n\n\n<figure class=\"wp-block-image size-large is-resized\"><img decoding=\"async\" loading=\"lazy\" src=\"https:\/\/plasticity.bilkent.edu.tr\/wp-content\/uploads\/2025\/10\/WhatsApp-Image-2025-10-03-at-11.27.29-1-1024x897.jpeg\" alt=\"\" class=\"wp-image-481\" style=\"width:542px;height:475px\" width=\"542\" height=\"475\" srcset=\"https:\/\/plasticity.bilkent.edu.tr\/wp-content\/uploads\/2025\/10\/WhatsApp-Image-2025-10-03-at-11.27.29-1-1024x897.jpeg 1024w, https:\/\/plasticity.bilkent.edu.tr\/wp-content\/uploads\/2025\/10\/WhatsApp-Image-2025-10-03-at-11.27.29-1-300x263.jpeg 300w, https:\/\/plasticity.bilkent.edu.tr\/wp-content\/uploads\/2025\/10\/WhatsApp-Image-2025-10-03-at-11.27.29-1-768x673.jpeg 768w, https:\/\/plasticity.bilkent.edu.tr\/wp-content\/uploads\/2025\/10\/WhatsApp-Image-2025-10-03-at-11.27.29-1.jpeg 1536w\" sizes=\"(max-width: 542px) 100vw, 542px\" \/><\/figure>\n<\/blockquote>\n\n\n\n<h4 class=\"wp-block-heading\"><strong>August, 2025:<\/strong> <strong>FNL at ECVP&#8217;25<\/strong><\/h4>\n\n\n\n<blockquote class=\"wp-block-quote\">\n<p>Berk Y\u00fcce and Nilsu Sa\u011flam represented our lab at the 47th European Conference on Visual Perception (ECVP 2025), held in Mainz, Germany.<\/p>\n\n\n\n<figure class=\"wp-block-image size-large is-resized\"><img decoding=\"async\" loading=\"lazy\" src=\"https:\/\/plasticity.bilkent.edu.tr\/wp-content\/uploads\/2025\/10\/1757327729001-1024x839.jpeg\" alt=\"\" class=\"wp-image-469\" style=\"width:549px;height:450px\" width=\"549\" height=\"450\" srcset=\"https:\/\/plasticity.bilkent.edu.tr\/wp-content\/uploads\/2025\/10\/1757327729001-1024x839.jpeg 1024w, https:\/\/plasticity.bilkent.edu.tr\/wp-content\/uploads\/2025\/10\/1757327729001-300x246.jpeg 300w, https:\/\/plasticity.bilkent.edu.tr\/wp-content\/uploads\/2025\/10\/1757327729001-768x630.jpeg 768w, https:\/\/plasticity.bilkent.edu.tr\/wp-content\/uploads\/2025\/10\/1757327729001-1536x1259.jpeg 1536w, https:\/\/plasticity.bilkent.edu.tr\/wp-content\/uploads\/2025\/10\/1757327729001.jpeg 1797w\" sizes=\"(max-width: 549px) 100vw, 549px\" \/><\/figure>\n\n\n\n<p><\/p>\n\n\n\n<p>Berk Y\u00fcce, in collaboration with Tutku Karahan, presented his work titled <em>\u201cEnhanced Behavior Through Perceptual Learning in an Untrained Visual Location via Topographic Reorganization.\u201d<\/em> His talk addressed the functional benefits of topographic reorganization in the adult visual cortex and offered novel insights into perceptual learning mechanisms.<\/p>\n\n\n\n<figure class=\"wp-block-image size-large is-resized\"><img decoding=\"async\" loading=\"lazy\" src=\"https:\/\/plasticity.bilkent.edu.tr\/wp-content\/uploads\/2025\/10\/1757327729115-1024x576.jpeg\" alt=\"\" class=\"wp-image-467\" style=\"width:560px;height:315px\" width=\"560\" height=\"315\" srcset=\"https:\/\/plasticity.bilkent.edu.tr\/wp-content\/uploads\/2025\/10\/1757327729115-1024x576.jpeg 1024w, https:\/\/plasticity.bilkent.edu.tr\/wp-content\/uploads\/2025\/10\/1757327729115-300x169.jpeg 300w, https:\/\/plasticity.bilkent.edu.tr\/wp-content\/uploads\/2025\/10\/1757327729115-768x432.jpeg 768w, https:\/\/plasticity.bilkent.edu.tr\/wp-content\/uploads\/2025\/10\/1757327729115-1536x864.jpeg 1536w, https:\/\/plasticity.bilkent.edu.tr\/wp-content\/uploads\/2025\/10\/1757327729115.jpeg 2048w\" sizes=\"(max-width: 560px) 100vw, 560px\" \/><\/figure>\n\n\n\n<p><\/p>\n\n\n\n<p>Nilsu Sa\u011flam presented her work titled \u201c<em>Characterizing Gaze Patterns in Cerebral Visual Impairment: Insights from Visual Search and Exploration Tasks.<\/em>\u201d She shared new findings on gaze behavior in individuals with cerebral visual impairment, emphasizing how eye-tracking can inform both clinical and cognitive models of visual exploration.<\/p>\n\n\n\n<figure class=\"wp-block-image size-large is-resized\"><img decoding=\"async\" loading=\"lazy\" src=\"https:\/\/plasticity.bilkent.edu.tr\/wp-content\/uploads\/2025\/10\/nilsu-1-edited.jpeg\" alt=\"\" class=\"wp-image-476\" style=\"width:560px;height:315px\" width=\"560\" height=\"315\"\/><\/figure>\n<\/blockquote>\n\n\n\n<h4 class=\"wp-block-heading\"><strong>June, 2025:<\/strong> <strong>FNL at ISBCS&#8217;25<\/strong><\/h4>\n\n\n\n<blockquote class=\"wp-block-quote\">\n<p>Members of our lab attended the 11th International Symposium on Brain and Cognitive Science (ISBCS) hosted by Bah\u00e7e\u015fehir University, \u0130stanbul.<\/p>\n\n\n\n<p>Graduate students Berk Y\u00fcce and Tutku Karahan presented their poster titled &#8220;Enhanced Behavior Through Perceptual Learning in an Untrained Visual Location via Topographic Reorganization.&#8221;   <\/p>\n\n\n\n<figure class=\"wp-block-image size-large is-resized\"><img decoding=\"async\" loading=\"lazy\" src=\"https:\/\/plasticity.bilkent.edu.tr\/wp-content\/uploads\/2025\/06\/WhatsApp-Image-2025-06-13-at-15.05.50-1024x958.jpeg\" alt=\"\" class=\"wp-image-438\" style=\"width:536px;height:501px\" width=\"536\" height=\"501\" srcset=\"https:\/\/plasticity.bilkent.edu.tr\/wp-content\/uploads\/2025\/06\/WhatsApp-Image-2025-06-13-at-15.05.50-1024x958.jpeg 1024w, https:\/\/plasticity.bilkent.edu.tr\/wp-content\/uploads\/2025\/06\/WhatsApp-Image-2025-06-13-at-15.05.50-300x281.jpeg 300w, https:\/\/plasticity.bilkent.edu.tr\/wp-content\/uploads\/2025\/06\/WhatsApp-Image-2025-06-13-at-15.05.50-768x718.jpeg 768w, https:\/\/plasticity.bilkent.edu.tr\/wp-content\/uploads\/2025\/06\/WhatsApp-Image-2025-06-13-at-15.05.50.jpeg 1222w\" sizes=\"(max-width: 536px) 100vw, 536px\" \/><\/figure>\n<\/blockquote>\n\n\n\n<h4 class=\"wp-block-heading\"><strong>May, 2025: Our undergraduate assistants at Senior Project Poster Presentations<\/strong><\/h4>\n\n\n\n<blockquote class=\"wp-block-quote\">\n<p>Our senior undergraduate research assistants Nilsu Sa\u011flam and Deniz Kurt have successfully completed their individual senior thesis projects and presented their work at Senior Project Poster Presentations.<br><\/p>\n\n\n\n<figure class=\"wp-block-image size-large is-resized\"><img decoding=\"async\" loading=\"lazy\" src=\"https:\/\/plasticity.bilkent.edu.tr\/wp-content\/uploads\/2025\/06\/WhatsApp-Image-2025-06-13-at-15.35.02-1024x906.jpeg\" alt=\"\" class=\"wp-image-451\" style=\"width:543px;height:480px\" width=\"543\" height=\"480\" srcset=\"https:\/\/plasticity.bilkent.edu.tr\/wp-content\/uploads\/2025\/06\/WhatsApp-Image-2025-06-13-at-15.35.02-1024x906.jpeg 1024w, https:\/\/plasticity.bilkent.edu.tr\/wp-content\/uploads\/2025\/06\/WhatsApp-Image-2025-06-13-at-15.35.02-300x266.jpeg 300w, https:\/\/plasticity.bilkent.edu.tr\/wp-content\/uploads\/2025\/06\/WhatsApp-Image-2025-06-13-at-15.35.02-768x680.jpeg 768w, https:\/\/plasticity.bilkent.edu.tr\/wp-content\/uploads\/2025\/06\/WhatsApp-Image-2025-06-13-at-15.35.02.jpeg 1200w\" sizes=\"(max-width: 543px) 100vw, 543px\" \/><\/figure>\n\n\n\n<p><\/p>\n\n\n\n<figure class=\"wp-block-image size-large is-resized\"><img decoding=\"async\" loading=\"lazy\" src=\"https:\/\/plasticity.bilkent.edu.tr\/wp-content\/uploads\/2025\/06\/WhatsApp-Image-2025-06-13-at-14.39.05-1-1024x768.jpeg\" alt=\"\" class=\"wp-image-452\" style=\"width:544px;height:409px\" width=\"544\" height=\"409\" srcset=\"https:\/\/plasticity.bilkent.edu.tr\/wp-content\/uploads\/2025\/06\/WhatsApp-Image-2025-06-13-at-14.39.05-1-1024x768.jpeg 1024w, https:\/\/plasticity.bilkent.edu.tr\/wp-content\/uploads\/2025\/06\/WhatsApp-Image-2025-06-13-at-14.39.05-1-300x225.jpeg 300w, https:\/\/plasticity.bilkent.edu.tr\/wp-content\/uploads\/2025\/06\/WhatsApp-Image-2025-06-13-at-14.39.05-1-768x576.jpeg 768w, https:\/\/plasticity.bilkent.edu.tr\/wp-content\/uploads\/2025\/06\/WhatsApp-Image-2025-06-13-at-14.39.05-1-1536x1152.jpeg 1536w, https:\/\/plasticity.bilkent.edu.tr\/wp-content\/uploads\/2025\/06\/WhatsApp-Image-2025-06-13-at-14.39.05-1.jpeg 1600w\" sizes=\"(max-width: 544px) 100vw, 544px\" \/><\/figure>\n\n\n\n<p>  <\/p>\n<\/blockquote>\n\n\n\n<h4 class=\"wp-block-heading\"><strong>July, 2024: Our lab\u2019s first T\u00dcB\u0130TAK 1001 grant<\/strong><\/h4>\n\n\n\n<blockquote class=\"wp-block-quote\">\n<p>We are happy to announce that our project proposal titled \u201cBehavioral and Neural Correlates of Selective Attention in Adults Born Preterm\u201d has been selected for support through T\u00dcB\u0130TAK (The Scientific and Technological Research Council of T\u00fcrkiye)\u2019s prestigious 1001 program. This project is also our graduate student Hilal \u00c7imen\u2019s Master\u2019s thesis project. Congratulations Hilal!<\/p>\n<\/blockquote>\n\n\n\n<h4 class=\"wp-block-heading\"><strong>June, 2024:<\/strong> <strong>FNL at ISBCS&#8217;24<\/strong><\/h4>\n\n\n\n<blockquote class=\"wp-block-quote\">\n<p>Members of our team attended the 10th International Symposium on Brain and Cognitive Science (ISBCS) held at Middle East Technical University this year.<br>Nilsu Sa\u011flam, our undergraduate research assistant, presented her poster titled &#8220;Characterization Of Gaze Patterns in Cerebral Visual Impairment Through a Visual Search Task.&#8221;<\/p>\n\n\n\n<figure class=\"wp-block-image size-large is-resized\"><img decoding=\"async\" loading=\"lazy\" src=\"https:\/\/plasticity.bilkent.edu.tr\/wp-content\/uploads\/2024\/07\/ISBCS_2024_nilsu-768x1024.jpg\" alt=\"\" class=\"wp-image-405\" style=\"width:517px;height:689px\" width=\"517\" height=\"689\" srcset=\"https:\/\/plasticity.bilkent.edu.tr\/wp-content\/uploads\/2024\/07\/ISBCS_2024_nilsu-768x1024.jpg 768w, https:\/\/plasticity.bilkent.edu.tr\/wp-content\/uploads\/2024\/07\/ISBCS_2024_nilsu-225x300.jpg 225w, https:\/\/plasticity.bilkent.edu.tr\/wp-content\/uploads\/2024\/07\/ISBCS_2024_nilsu-1152x1536.jpg 1152w, https:\/\/plasticity.bilkent.edu.tr\/wp-content\/uploads\/2024\/07\/ISBCS_2024_nilsu.jpg 1512w\" sizes=\"(max-width: 517px) 100vw, 517px\" \/><\/figure>\n\n\n\n<p><br>Zahide Pamir, our Principal Investigator (PI), gave an invited talk at the symposium\u2019s panel session.<\/p>\n\n\n\n<figure class=\"wp-block-image size-large is-resized\"><img decoding=\"async\" loading=\"lazy\" src=\"https:\/\/plasticity.bilkent.edu.tr\/wp-content\/uploads\/2024\/07\/ISBCS_2024_panel-1024x552.jpg\" alt=\"\" class=\"wp-image-407\" style=\"width:737px;height:397px\" width=\"737\" height=\"397\" srcset=\"https:\/\/plasticity.bilkent.edu.tr\/wp-content\/uploads\/2024\/07\/ISBCS_2024_panel-1024x552.jpg 1024w, https:\/\/plasticity.bilkent.edu.tr\/wp-content\/uploads\/2024\/07\/ISBCS_2024_panel-300x162.jpg 300w, https:\/\/plasticity.bilkent.edu.tr\/wp-content\/uploads\/2024\/07\/ISBCS_2024_panel-768x414.jpg 768w, https:\/\/plasticity.bilkent.edu.tr\/wp-content\/uploads\/2024\/07\/ISBCS_2024_panel-1536x828.jpg 1536w, https:\/\/plasticity.bilkent.edu.tr\/wp-content\/uploads\/2024\/07\/ISBCS_2024_panel.jpg 1740w\" sizes=\"(max-width: 737px) 100vw, 737px\" \/><\/figure>\n<\/blockquote>\n\n\n\n<h4 class=\"wp-block-heading\"><strong>April 2024: Zahide Pamir gave an invited talk at METU (Middle East Technical University) Neuroscience Days. &nbsp;<\/strong><\/h4>\n\n\n\n<h4 class=\"wp-block-heading\"><strong>December 2023: Zahide Pamir gave an invited talk titled \u201cHow does the visual system cope with early brain injury?\u201d at Bilkent Neuroscience Days. &nbsp;<\/strong><\/h4>\n\n\n\n<h4 class=\"wp-block-heading\"><strong>October 2023: Zahide Pamir gave an invited talk at 4<sup>th<\/sup> Multidisciplinary Neuroscience Congress organized by Ankara University Neuroscience Society.<\/strong><\/h4>\n\n\n\n<h4 class=\"wp-block-heading\"><strong>September 2023: Dr. Pamir received the best oral presentation award at the National Neuroimaging Congress with her talk titled \u201cBehavioral and neural correlates of visual search in Cerebral Visual Impairment.\u201d.<\/strong><\/h4>\n\n\n\n<figure class=\"wp-block-image size-large is-resized\"><img decoding=\"async\" loading=\"lazy\" src=\"https:\/\/plasticity.bilkent.edu.tr\/wp-content\/uploads\/2024\/05\/PHOTO-2023-09-09-18-00-18-1024x768.jpg\" alt=\"\" class=\"wp-image-396\" style=\"width:661px;height:497px\" width=\"661\" height=\"497\" srcset=\"https:\/\/plasticity.bilkent.edu.tr\/wp-content\/uploads\/2024\/05\/PHOTO-2023-09-09-18-00-18-1024x768.jpg 1024w, https:\/\/plasticity.bilkent.edu.tr\/wp-content\/uploads\/2024\/05\/PHOTO-2023-09-09-18-00-18-300x225.jpg 300w, https:\/\/plasticity.bilkent.edu.tr\/wp-content\/uploads\/2024\/05\/PHOTO-2023-09-09-18-00-18-768x576.jpg 768w, https:\/\/plasticity.bilkent.edu.tr\/wp-content\/uploads\/2024\/05\/PHOTO-2023-09-09-18-00-18-1536x1152.jpg 1536w, https:\/\/plasticity.bilkent.edu.tr\/wp-content\/uploads\/2024\/05\/PHOTO-2023-09-09-18-00-18.jpg 2048w\" sizes=\"(max-width: 661px) 100vw, 661px\" \/><\/figure>\n\n\n\n<p><\/p>\n\n\n\n<h4 class=\"wp-block-heading\"><strong>April 2023: Dr. Pamir Awarded T\u00dcB\u0130TAK 2232-B Grant<\/strong><\/h4>\n\n\n\n<blockquote class=\"wp-block-quote\">\n<p>Zahide Pamir has received a fellowship within the scope of the 2232-B International Young Researchers Program by the Scientific and Technological Research Council of T\u00fcrkiye (T\u00dcB\u0130TAK) for three years for her project titled \u201cBehavioral and functional correlates of topographic reorganization in the primary visual cortex.\u201d The Project started in April 2023.<\/p>\n\n\n\n<p>The 2232-B Program aims to encourage and provide financial support for young researchers under the age of 40, who have been working at top international research institutes, to conduct their research in T\u00fcrkiye.<\/p>\n\n\n\n<p>Dr. Pamir\u2019s project focuses on neuroplasticity, the ability of the brain to adapt to new sensory experiences, physiological changes, and injury. The brain\u2019s potential to change is drastic early in life, during the so-called critical period when the brain is still developing and maximally responsive to exposure to stimuli and experiences. A growing body of neural and behavioral evidence shows that neuroplasticity is also preserved in adults. However, despite a growing body of functional and structural neural evidence for adult plasticity from both human and animal studies, the nature and underlying neural mechanisms are still under debate. Additionally, the functional relevance and behavioral correlates of neuroplasticity are not well understood. Therefore, this project aims to systematically investigate the behavioral and functional correlates of neuroplastic reorganization in neurotypical (healthy) adults by employing advanced behavioral measurements and functional magnetic resonance imaging (fMRI).<\/p>\n<\/blockquote>\n","protected":false},"excerpt":{"rendered":"<p>Welcome to the PaMiR (Psychophysics and MR) Lab for Functional Neuroplasticity, led by Zahide Pamir. We are affiliated with the Department of Psychology and the Interdisciplinary Neuroscience Graduate Program at Bilkent University. Our physical location is at the Aysel Sabuncu Brain Research Center and the National Magnetic Resonance Research Center (UMRAM). Our lab\u2019s research is&hellip;&nbsp;<a href=\"https:\/\/plasticity.bilkent.edu.tr\/\" class=\"\" rel=\"bookmark\">Read More &raquo;<span class=\"screen-reader-text\">Home<\/span><\/a><\/p>\n","protected":false},"author":1,"featured_media":0,"parent":0,"menu_order":0,"comment_status":"closed","ping_status":"closed","template":"","meta":{"neve_meta_sidebar":"","neve_meta_container":"","neve_meta_enable_content_width":"on","neve_meta_content_width":100,"neve_meta_title_alignment":"left","neve_meta_author_avatar":"","neve_post_elements_order":"","neve_meta_disable_header":"","neve_meta_disable_footer":"","neve_meta_disable_title":"on","footnotes":""},"_links":{"self":[{"href":"https:\/\/plasticity.bilkent.edu.tr\/index.php?rest_route=\/wp\/v2\/pages\/17"}],"collection":[{"href":"https:\/\/plasticity.bilkent.edu.tr\/index.php?rest_route=\/wp\/v2\/pages"}],"about":[{"href":"https:\/\/plasticity.bilkent.edu.tr\/index.php?rest_route=\/wp\/v2\/types\/page"}],"author":[{"embeddable":true,"href":"https:\/\/plasticity.bilkent.edu.tr\/index.php?rest_route=\/wp\/v2\/users\/1"}],"replies":[{"embeddable":true,"href":"https:\/\/plasticity.bilkent.edu.tr\/index.php?rest_route=%2Fwp%2Fv2%2Fcomments&post=17"}],"version-history":[{"count":80,"href":"https:\/\/plasticity.bilkent.edu.tr\/index.php?rest_route=\/wp\/v2\/pages\/17\/revisions"}],"predecessor-version":[{"id":522,"href":"https:\/\/plasticity.bilkent.edu.tr\/index.php?rest_route=\/wp\/v2\/pages\/17\/revisions\/522"}],"wp:attachment":[{"href":"https:\/\/plasticity.bilkent.edu.tr\/index.php?rest_route=%2Fwp%2Fv2%2Fmedia&parent=17"}],"curies":[{"name":"wp","href":"https:\/\/api.w.org\/{rel}","templated":true}]}}